{"id":7271,"date":"2017-01-02T12:12:06","date_gmt":"2017-01-02T20:12:06","guid":{"rendered":"https:\/\/bensonlawapc.com\/de-nuestro-blog\/"},"modified":"2025-03-19T16:06:05","modified_gmt":"2025-03-19T23:06:05","slug":"de-nuestro-blog","status":"publish","type":"page","link":"https:\/\/bensonlawapc.com\/es\/de-nuestro-blog\/","title":{"rendered":"De nuestro Blog"},"content":{"rendered":"\t\t<div data-elementor-type=\"wp-page\" data-elementor-id=\"7271\" class=\"elementor elementor-7271 elementor-199\" data-elementor-post-type=\"page\">\n\t\t\t\t\t\t<section class=\"elementor-section elementor-top-section elementor-element elementor-element-5d5263e4 elementor-section-boxed elementor-section-height-default elementor-section-height-default\" data-id=\"5d5263e4\" data-element_type=\"section\" data-e-type=\"section\">\n\t\t\t\t\t\t<div class=\"elementor-container elementor-column-gap-default\">\n\t\t\t\t\t<div class=\"elementor-column elementor-col-100 elementor-top-column elementor-element elementor-element-4e7028af\" data-id=\"4e7028af\" data-element_type=\"column\" data-e-type=\"column\">\n\t\t\t<div class=\"elementor-widget-wrap elementor-element-populated\">\n\t\t\t\t\t\t<div class=\"elementor-element elementor-element-1a44433 elementor-widget elementor-widget-heading\" data-id=\"1a44433\" data-element_type=\"widget\" data-e-type=\"widget\" data-widget_type=\"heading.default\">\n\t\t\t\t<div class=\"elementor-widget-container\">\n\t\t\t\t\t<h2 class=\"elementor-heading-title elementor-size-default\">Art\u00edculos de Benson Law  <br>Lesiones personales | Derecho del consumidor | Derecho laboral<\/h2>\t\t\t\t<\/div>\n\t\t\t\t<\/div>\n\t\t\t\t<div class=\"elementor-element elementor-element-21f5cff7 elementor-widget elementor-widget-text-editor\" data-id=\"21f5cff7\" data-element_type=\"widget\" data-e-type=\"widget\" data-widget_type=\"text-editor.default\">\n\t\t\t\t<div class=\"elementor-widget-container\">\n\t\t\t\t\t\t\t\t\t<p>Somos un bufete de abogados que da prioridad al consumidor y al cliente, y que se esfuerza por poner el poder en manos de la gente corriente. Creemos que el conocimiento es poder, y nuestro blog se esfuerza por ofrecer contenidos informativos y atractivos, sin proporcionar asesoramiento jur\u00eddico basado en tu situaci\u00f3n concreta. El contenido de este blog es informaci\u00f3n general y no debe interpretarse como asesoramiento jur\u00eddico ni como el establecimiento de una relaci\u00f3n abogado-cliente.    <\/p>\t\t\t\t\t\t\t\t<\/div>\n\t\t\t\t<\/div>\n\t\t\t\t\t<\/div>\n\t\t<\/div>\n\t\t\t\t\t<\/div>\n\t\t<\/section>\n\t\t\t\t<section class=\"elementor-section elementor-top-section elementor-element elementor-element-351cc93 elementor-section-boxed elementor-section-height-default elementor-section-height-default\" data-id=\"351cc93\" data-element_type=\"section\" data-e-type=\"section\">\n\t\t\t\t\t\t<div class=\"elementor-container elementor-column-gap-default\">\n\t\t\t\t\t<div class=\"elementor-column elementor-col-100 elementor-top-column elementor-element elementor-element-13b7f01\" data-id=\"13b7f01\" data-element_type=\"column\" data-e-type=\"column\">\n\t\t\t<div class=\"elementor-widget-wrap elementor-element-populated\">\n\t\t\t\t\t\t\t<\/div>\n\t\t<\/div>\n\t\t\t\t\t<\/div>\n\t\t<\/section>\n\t\t\t\t<\/div>\n\t\t","protected":false},"excerpt":{"rendered":"<p>Art\u00edculos de Benson Law Lesiones personales | Derecho del consumidor | Derecho laboral Somos un bufete de abogados que da prioridad al consumidor y al cliente, y que se esfuerza por poner el poder en manos de la gente corriente. Creemos que el conocimiento es poder, y nuestro blog se esfuerza por ofrecer contenidos informativos [&hellip;]<\/p>\n","protected":false},"author":1,"featured_media":0,"parent":0,"menu_order":0,"comment_status":"closed","ping_status":"closed","template":"","meta":{"footnotes":""},"class_list":["post-7271","page","type-page","status-publish","hentry"],"_wp_attached_file":null,"_wp_attachment_metadata":null,"_elementor_source_image_hash":null,"_wp_attachment_image_alt":null,"image_optimizer_metadata":null,"_wp_attachment_backup_sizes":null,"_wp_attachment_context":null,"_oembed_7453c84159536d3484d7edd9b8077844":null,"_oembed_ab4f738cf1affc50108b3aae09056f32":null,"_elementor_is_screenshot":null,"_elementor_template_sub_type":null,"_elementor_screenshot_failed":null,"_elementor_screenshot":null,"_elementor_popup_display_settings":"","_elementor_source":null,"_menu_item_type":null,"_menu_item_menu_item_parent":null,"_menu_item_object_id":null,"_menu_item_object":null,"_menu_item_target":null,"_menu_item_classes":null,"_menu_item_xfn":null,"_menu_item_url":null,"elementskit_menuitem_settings":null,"nxt-hooks-layout":null,"nxt-hooks-layout-sections":null,"nxt-hooks-layout-pages":null,"nxt-hooks-layout-code-snippet":null,"nxt-normal-sticky-header":null,"nxt-hooks-footer-style":null,"nxt-hooks-footer-smart-bgcolor":null,"nxt-display-hooks-action":null,"nxt-code-snippet-secure-executed":null,"nxt-code-execute":null,"nxt-code-hooks-action":null,"nxt-code-php-hidden-execute":null,"nxt-singular-group":null,"nxt-singular-preview-type":null,"nxt-singular-preview-id":null,"nxt-archive-group":null,"nxt-archive-preview-type":null,"nxt-archive-preview-id":null,"lawyer_landing_page_sidebar_layout":null,"_oembed_ee28fa411307f7dcbd44029ea0833386":null,"rank_math_contentai_score":null,"rank_math_title":null,"rank_math_description":null,"_monsterinsights_skip_tracking":null,"_monsterinsights_sitenote_active":null,"_customize_changeset_uuid":null,"rank_math_robots":null,"_oembed_87b947de7716efd8672902a3875e0696":null,"_oembed_time_87b947de7716efd8672902a3875e0696":null,"_oembed_a8f103c0f37a3a1775c3417eaeff4bcf":null,"ppwp_post_password_bk":null,"_uf_disable_surveys":null,"om_disable_all_campaigns":null,"rank_math_primary_category":null,"_raratheme_view_count":null,"_wp_trash_meta_comments_status":null,"_is_githuber_markdown_enabled":null,"wpforms_form_locations":null,"_elementor_import_session_id":null,"_edit_lock":null,"_wp_trash_meta_status":null,"_wp_trash_meta_time":null,"_elementor_edit_mode":"builder","_elementor_template_type":"wp-page","_elementor_conditions":null,"_elementor_version":"3.27.7","_elementor_pro_version":null,"ekit_post_views_count":null,"_wp_page_template":"default","_elementor_data":"[{\"id\":\"5d5263e4\",\"elType\":\"section\",\"settings\":{\"margin\":{\"unit\":\"px\",\"top\":\"95\",\"right\":0,\"bottom\":\"0\",\"left\":0,\"isLinked\":false},\"margin_mobile\":{\"unit\":\"px\",\"top\":\"50\",\"right\":0,\"bottom\":\"0\",\"left\":0,\"isLinked\":false}},\"elements\":[{\"id\":\"4e7028af\",\"elType\":\"column\",\"settings\":{\"_column_size\":100},\"elements\":[{\"id\":\"1a44433\",\"elType\":\"widget\",\"settings\":{\"title\":\"Art\\u00edculos de Benson Law  <br>Lesiones personales | Derecho del consumidor | Derecho laboral\",\"align\":\"center\",\"typography_typography\":\"custom\",\"typography_font_family\":\"Montserrat\",\"typography_font_size\":{\"unit\":\"px\",\"size\":36,\"sizes\":[]},\"typography_font_size_tablet\":{\"unit\":\"px\",\"size\":24,\"sizes\":[]},\"typography_font_size_mobile\":{\"unit\":\"px\",\"size\":20,\"sizes\":[]},\"typography_font_weight\":\"600\",\"typography_text_transform\":\"capitalize\",\"typography_font_style\":\"normal\",\"typography_text_decoration\":\"none\",\"typography_line_height\":{\"unit\":\"px\",\"size\":52,\"sizes\":[]},\"typography_line_height_mobile\":{\"unit\":\"px\",\"size\":24,\"sizes\":[]},\"typography_letter_spacing\":{\"unit\":\"px\",\"size\":-0.6,\"sizes\":[]},\"typography_letter_spacing_tablet\":{\"unit\":\"px\",\"size\":15,\"sizes\":[]},\"typography_letter_spacing_mobile\":{\"unit\":\"px\",\"size\":0.5,\"sizes\":[]},\"typography_word_spacing\":{\"unit\":\"px\",\"size\":0,\"sizes\":[]}},\"elements\":[],\"widgetType\":\"heading\"},{\"id\":\"21f5cff7\",\"elType\":\"widget\",\"settings\":{\"editor\":\"<p>Somos un bufete de abogados que da prioridad al consumidor y al cliente, y que se esfuerza por poner el poder en manos de la gente corriente. Creemos que el conocimiento es poder, y nuestro blog se esfuerza por ofrecer contenidos informativos y atractivos, sin proporcionar asesoramiento jur\\u00eddico basado en tu situaci\\u00f3n concreta. El contenido de este blog es informaci\\u00f3n general y no debe interpretarse como asesoramiento jur\\u00eddico ni como el establecimiento de una relaci\\u00f3n abogado-cliente.    <\\\/p>\",\"typography_typography\":\"custom\",\"typography_font_family\":\"Montserrat\",\"typography_font_size\":{\"unit\":\"px\",\"size\":16,\"sizes\":[]},\"typography_font_size_tablet\":{\"unit\":\"px\",\"size\":14,\"sizes\":[]},\"typography_font_weight\":\"400\",\"typography_text_transform\":\"none\",\"typography_font_style\":\"normal\",\"typography_text_decoration\":\"none\",\"typography_line_height\":{\"unit\":\"px\",\"size\":27,\"sizes\":[]},\"typography_line_height_mobile\":{\"unit\":\"em\",\"size\":1.7,\"sizes\":[]},\"typography_letter_spacing\":{\"unit\":\"px\",\"size\":2,\"sizes\":[]},\"typography_letter_spacing_mobile\":{\"unit\":\"px\",\"size\":0.5,\"sizes\":[]},\"typography_word_spacing\":{\"unit\":\"em\",\"size\":0,\"sizes\":[]},\"_margin_mobile\":{\"unit\":\"px\",\"top\":\"-15\",\"right\":\"5\",\"bottom\":\"-20\",\"left\":\"5\",\"isLinked\":false},\"_padding_mobile\":{\"unit\":\"px\",\"top\":\"10\",\"right\":\"10\",\"bottom\":\"10\",\"left\":\"10\",\"isLinked\":true}},\"elements\":[],\"widgetType\":\"text-editor\"}],\"isInner\":false}],\"isInner\":false},{\"id\":\"351cc93\",\"elType\":\"section\",\"settings\":[],\"elements\":[{\"id\":\"13b7f01\",\"elType\":\"column\",\"settings\":{\"_column_size\":100,\"_inline_size\":null},\"elements\":[{\"id\":\"d958fb9\",\"elType\":\"widget\",\"settings\":{\"classic_meta_separator\":\"\\\/\\\/\\\/\",\"classic_read_more_text\":\"Sigue leyendo \\\"\",\"cards_meta_separator\":\"\\u2022\",\"cards_read_more_text\":\"Sigue leyendo \\\"\",\"full_content_meta_separator\":\"\\\/\\\/\\\/\",\"pagination_page_limit\":\"5\",\"pagination_prev_label\":\"\\\" Anterior\",\"pagination_next_label\":\"Siguiente \\\"\",\"text\":\"M\\u00e1s informaci\\u00f3n\",\"load_more_no_posts_custom_message\":\"No hay m\\u00e1s mensajes que mostrar\"},\"elements\":[],\"widgetType\":\"posts\"}],\"isInner\":false}],\"isInner\":false}]","_elementor_page_assets":{"styles":["widget-heading","widget-posts"],"scripts":["elementor-frontend","imagesloaded"]},"_elementor_css":{"time":1777207628,"fonts":["Montserrat"],"icons":[],"dynamic_elements_ids":[],"status":"file","0":""},"rank_math_og_content_image":null,"_elementor_page_settings":null,"_block_css":null,"theplus_transient_widgets":null,"_elementor_controls_usage":{"heading":{"count":1,"control_percent":4,"controls":{"content":{"section_title":{"title":1}},"style":{"section_title_style":{"align":1,"typography_typography":1,"typography_font_family":1,"typography_font_size":1,"typography_font_weight":1,"typography_text_transform":1,"typography_font_style":1,"typography_text_decoration":1,"typography_line_height":1,"typography_letter_spacing":1,"typography_word_spacing":1}}}},"text-editor":{"count":1,"control_percent":3,"controls":{"content":{"section_editor":{"editor":1}},"style":{"section_style":{"typography_typography":1,"typography_font_family":1,"typography_font_size":1,"typography_font_weight":1,"typography_text_transform":1,"typography_font_style":1,"typography_text_decoration":1,"typography_line_height":1,"typography_letter_spacing":1,"typography_word_spacing":1}}}},"column":{"count":2,"control_percent":0,"controls":{"layout":{"layout":{"_inline_size":1}}}},"section":{"count":2,"control_percent":0,"controls":{"advanced":{"section_advanced":{"margin":1}}}},"posts":{"count":1,"control_percent":1,"controls":{"content":{"section_layout":{"classic_read_more_text":1,"cards_read_more_text":1},"section_pagination":{"pagination_prev_label":1,"pagination_next_label":1,"text":1,"load_more_no_posts_custom_message":1}}}}},"_edit_last":null,"_wp_desired_post_slug":null,"rank_math_internal_links_processed":"1","rank_math_analytic_object_id":null,"rank_math_seo_score":null,"_wp_old_date":null,"rank_math_focus_keyword":null,"footnotes":null,"nxt-post-page-sidebar":null,"nxt-post-page-display-sidebar":null,"nxt-post-page-custom-sidebar":null,"_thumbnail_id":null,"_githuber_prismjs":null,"_githuber_highlightjs":null,"_is_githuber_sequence":null,"_is_githuber_flow_chart":null,"_is_githuber_mermaid":null,"_is_githuber_katex":null,"_is_githuber_mathjax":null,"_is_githuber_markdown":null,"yoast_head":"<!-- This site is optimized with the Yoast SEO plugin v25.6 - https:\/\/yoast.com\/wordpress\/plugins\/seo\/ -->\n<title>De nuestro Blog - Benson Law<\/title>\n<meta name=\"robots\" content=\"index, follow, max-snippet:-1, max-image-preview:large, max-video-preview:-1\" \/>\n<link rel=\"canonical\" href=\"https:\/\/bensonlawapc.com\/from-our-blog\/\" \/>\n<meta property=\"og:locale\" content=\"es_ES\" \/>\n<meta property=\"og:type\" content=\"article\" \/>\n<meta property=\"og:title\" content=\"De nuestro Blog - Benson Law\" \/>\n<meta property=\"og:description\" content=\"Art\u00edculos de Benson Law Lesiones personales | Derecho del consumidor | Derecho laboral Somos un bufete de abogados que da prioridad al consumidor y al cliente, y que se esfuerza por poner el poder en manos de la gente corriente. Creemos que el conocimiento es poder, y nuestro blog se esfuerza por ofrecer contenidos informativos [&hellip;]\" \/>\n<meta property=\"og:url\" content=\"https:\/\/bensonlawapc.com\/from-our-blog\/\" \/>\n<meta property=\"og:site_name\" content=\"Benson Law\" \/>\n<meta property=\"article:modified_time\" content=\"2025-03-19T23:06:05+00:00\" \/>\n<meta name=\"twitter:card\" content=\"summary_large_image\" \/>\n<script type=\"application\/ld+json\" class=\"yoast-schema-graph\">{\"@context\":\"https:\/\/schema.org\",\"@graph\":[{\"@type\":\"WebPage\",\"@id\":\"https:\/\/bensonlawapc.com\/from-our-blog\/\",\"url\":\"https:\/\/bensonlawapc.com\/from-our-blog\/\",\"name\":\"De nuestro Blog - Benson Law\",\"isPartOf\":{\"@id\":\"https:\/\/bensonlawapc.com\/#website\"},\"datePublished\":\"2017-01-02T20:12:06+00:00\",\"dateModified\":\"2025-03-19T23:06:05+00:00\",\"breadcrumb\":{\"@id\":\"https:\/\/bensonlawapc.com\/from-our-blog\/#breadcrumb\"},\"inLanguage\":\"es\",\"potentialAction\":[{\"@type\":\"ReadAction\",\"target\":[\"https:\/\/bensonlawapc.com\/from-our-blog\/\"]}]},{\"@type\":\"BreadcrumbList\",\"@id\":\"https:\/\/bensonlawapc.com\/from-our-blog\/#breadcrumb\",\"itemListElement\":[{\"@type\":\"ListItem\",\"position\":1,\"name\":\"Home\",\"item\":\"https:\/\/bensonlawapc.com\/\"},{\"@type\":\"ListItem\",\"position\":2,\"name\":\"De nuestro Blog\"}]},{\"@type\":\"WebSite\",\"@id\":\"https:\/\/bensonlawapc.com\/#website\",\"url\":\"https:\/\/bensonlawapc.com\/\",\"name\":\"Benson Law\",\"description\":\"Personal Injury and Consumer Law Attorneys\",\"potentialAction\":[{\"@type\":\"SearchAction\",\"target\":{\"@type\":\"EntryPoint\",\"urlTemplate\":\"https:\/\/bensonlawapc.com\/?s={search_term_string}\"},\"query-input\":{\"@type\":\"PropertyValueSpecification\",\"valueRequired\":true,\"valueName\":\"search_term_string\"}}],\"inLanguage\":\"es\"}]}<\/script>\n<!-- \/ Yoast SEO plugin. -->","yoast_head_json":{"title":"De nuestro Blog - Benson Law","robots":{"index":"index","follow":"follow","max-snippet":"max-snippet:-1","max-image-preview":"max-image-preview:large","max-video-preview":"max-video-preview:-1"},"canonical":"https:\/\/bensonlawapc.com\/from-our-blog\/","og_locale":"es_ES","og_type":"article","og_title":"De nuestro Blog - Benson Law","og_description":"Art\u00edculos de Benson Law Lesiones personales | Derecho del consumidor | Derecho laboral Somos un bufete de abogados que da prioridad al consumidor y al cliente, y que se esfuerza por poner el poder en manos de la gente corriente. Creemos que el conocimiento es poder, y nuestro blog se esfuerza por ofrecer contenidos informativos [&hellip;]","og_url":"https:\/\/bensonlawapc.com\/from-our-blog\/","og_site_name":"Benson Law","article_modified_time":"2025-03-19T23:06:05+00:00","twitter_card":"summary_large_image","schema":{"@context":"https:\/\/schema.org","@graph":[{"@type":"WebPage","@id":"https:\/\/bensonlawapc.com\/from-our-blog\/","url":"https:\/\/bensonlawapc.com\/from-our-blog\/","name":"De nuestro Blog - Benson Law","isPartOf":{"@id":"https:\/\/bensonlawapc.com\/#website"},"datePublished":"2017-01-02T20:12:06+00:00","dateModified":"2025-03-19T23:06:05+00:00","breadcrumb":{"@id":"https:\/\/bensonlawapc.com\/from-our-blog\/#breadcrumb"},"inLanguage":"es","potentialAction":[{"@type":"ReadAction","target":["https:\/\/bensonlawapc.com\/from-our-blog\/"]}]},{"@type":"BreadcrumbList","@id":"https:\/\/bensonlawapc.com\/from-our-blog\/#breadcrumb","itemListElement":[{"@type":"ListItem","position":1,"name":"Home","item":"https:\/\/bensonlawapc.com\/"},{"@type":"ListItem","position":2,"name":"De nuestro Blog"}]},{"@type":"WebSite","@id":"https:\/\/bensonlawapc.com\/#website","url":"https:\/\/bensonlawapc.com\/","name":"Benson Law","description":"Personal Injury and Consumer Law Attorneys","potentialAction":[{"@type":"SearchAction","target":{"@type":"EntryPoint","urlTemplate":"https:\/\/bensonlawapc.com\/?s={search_term_string}"},"query-input":{"@type":"PropertyValueSpecification","valueRequired":true,"valueName":"search_term_string"}}],"inLanguage":"es"}]}},"_links":{"self":[{"href":"https:\/\/bensonlawapc.com\/es\/wp-json\/wp\/v2\/pages\/7271","targetHints":{"allow":["GET"]}}],"collection":[{"href":"https:\/\/bensonlawapc.com\/es\/wp-json\/wp\/v2\/pages"}],"about":[{"href":"https:\/\/bensonlawapc.com\/es\/wp-json\/wp\/v2\/types\/page"}],"author":[{"embeddable":true,"href":"https:\/\/bensonlawapc.com\/es\/wp-json\/wp\/v2\/users\/1"}],"replies":[{"embeddable":true,"href":"https:\/\/bensonlawapc.com\/es\/wp-json\/wp\/v2\/comments?post=7271"}],"version-history":[{"count":0,"href":"https:\/\/bensonlawapc.com\/es\/wp-json\/wp\/v2\/pages\/7271\/revisions"}],"wp:attachment":[{"href":"https:\/\/bensonlawapc.com\/es\/wp-json\/wp\/v2\/media?parent=7271"}],"curies":[{"name":"wp","href":"https:\/\/api.w.org\/{rel}","templated":true}]}}