{"id":7281,"date":"2024-03-13T19:51:06","date_gmt":"2024-03-14T02:51:06","guid":{"rendered":"https:\/\/bensonlawapc.com\/politica-de-cookies\/"},"modified":"2025-03-19T16:07:41","modified_gmt":"2025-03-19T23:07:41","slug":"politica-de-cookies","status":"publish","type":"page","link":"https:\/\/bensonlawapc.com\/es\/politica-de-cookies\/","title":{"rendered":"Pol\u00edtica de cookies"},"content":{"rendered":"\t\t<div data-elementor-type=\"wp-page\" data-elementor-id=\"7281\" class=\"elementor elementor-7281 elementor-826\" data-elementor-post-type=\"page\">\n\t\t\t\t\t\t<section class=\"elementor-section elementor-top-section elementor-element elementor-element-2616b1 elementor-section-height-min-height elementor-section-stretched elementor-section-boxed elementor-section-height-default elementor-section-items-middle\" data-id=\"2616b1\" data-element_type=\"section\" data-e-type=\"section\" data-settings=\"{&quot;background_background&quot;:&quot;classic&quot;,&quot;stretch_section&quot;:&quot;section-stretched&quot;}\">\n\t\t\t\t\t\t<div class=\"elementor-container elementor-column-gap-default\">\n\t\t\t\t\t<div class=\"elementor-column elementor-col-100 elementor-top-column elementor-element elementor-element-1f4c8b\" data-id=\"1f4c8b\" data-element_type=\"column\" data-e-type=\"column\">\n\t\t\t<div class=\"elementor-widget-wrap elementor-element-populated\">\n\t\t\t\t\t\t<div class=\"elementor-element elementor-element-6a27f903 elementor-widget elementor-widget-heading\" data-id=\"6a27f903\" data-element_type=\"widget\" data-e-type=\"widget\" data-widget_type=\"heading.default\">\n\t\t\t\t<div class=\"elementor-widget-container\">\n\t\t\t\t\t<h1 class=\"elementor-heading-title elementor-size-default\">Pol\u00edtica de cookies<\/h1>\t\t\t\t<\/div>\n\t\t\t\t<\/div>\n\t\t\t\t\t<\/div>\n\t\t<\/div>\n\t\t\t\t\t<\/div>\n\t\t<\/section>\n\t\t\t\t<section class=\"elementor-section elementor-top-section elementor-element elementor-element-41309b5 elementor-section-boxed elementor-section-height-default elementor-section-height-default\" data-id=\"41309b5\" data-element_type=\"section\" data-e-type=\"section\">\n\t\t\t\t\t\t<div class=\"elementor-container elementor-column-gap-default\">\n\t\t\t\t\t<div class=\"elementor-column elementor-col-100 elementor-top-column elementor-element elementor-element-815cd92\" data-id=\"815cd92\" data-element_type=\"column\" data-e-type=\"column\">\n\t\t\t<div class=\"elementor-widget-wrap elementor-element-populated\">\n\t\t\t\t\t\t<div class=\"elementor-element elementor-element-0b4607d elementor-widget elementor-widget-text-editor\" data-id=\"0b4607d\" data-element_type=\"widget\" data-e-type=\"widget\" data-widget_type=\"text-editor.default\">\n\t\t\t\t<div class=\"elementor-widget-container\">\n\t\t\t\t\t\t\t\t\t<p><strong>Pol\u00edtica de cookies de Benson Law <\/strong><\/p>\n<p>Fecha de entrada en vigor: 13 de marzo de 2024<\/p>\n<p>En Benson Law , accesible desde <a href=\"https:\/\/bensonlawapc.com\/es\/\">goldfadenbenson.com<\/a> y goldfadenbenson.com, una de nuestras principales prioridades es la privacidad de nuestros visitantes. Esta Pol\u00edtica de Cookies describe los tipos de cookies que utilizamos, por qu\u00e9 las utilizamos y c\u00f3mo puedes gestionar tus preferencias de cookies en nuestro sitio web. <\/p>\n<p><strong>\u00bfQu\u00e9 son las cookies?<\/strong><\/p>\n<p>Las cookies son peque\u00f1os archivos de texto que los sitios web colocan en tu dispositivo mientras navegas. Se utilizan ampliamente para hacer que los sitios web funcionen, o funcionen de forma m\u00e1s eficiente, as\u00ed como para proporcionar informaci\u00f3n a los propietarios del sitio. Las cookies ayudan al funcionamiento del sitio web, mejoran la seguridad, proporcionan mejores experiencias al usuario y recopilan datos sobre el rendimiento del sitio y posibles mejoras.  <\/p>\n<p><strong>\u00bfC\u00f3mo utilizamos las cookies?<\/strong><\/p>\n<p>Nuestro sitio web utiliza cookies propias y de terceros por varias razones. Las cookies de origen son esenciales para que el sitio web funcione correctamente y no recogen ninguna informaci\u00f3n personal identificable. Las cookies de terceros se utilizan para analizar el rendimiento del sitio web, las interacciones de los visitantes, asegurar los servicios, ofrecer anuncios relevantes y mejorar tu experiencia de usuario.  <\/p>\n<p><strong>Tipos de cookies que utilizamos<\/strong><\/p>\n<ul>\n<li><strong>Esenciales:<\/strong> Estas cookies son necesarias para que el sitio web funcione y no se pueden desactivar en nuestros sistemas. No almacenan ning\u00fan dato personal. <\/li>\n<li><strong>Estad\u00edsticas:<\/strong> Estas cookies almacenan informaci\u00f3n como el n\u00famero de visitantes del sitio web, visitantes \u00fanicos, qu\u00e9 p\u00e1ginas del sitio web se visitaron, la fuente de la visita, etc. Estos datos nos ayudan a comprender y analizar el rendimiento del sitio web y d\u00f3nde se necesitan mejoras. <\/li>\n<li><strong>Marketing:<\/strong> Estas cookies se utilizan para personalizar los anuncios que te mostramos para que sean significativos para ti. Tambi\u00e9n nos ayudan a realizar un seguimiento de la eficacia de estas campa\u00f1as publicitarias. <\/li>\n<li><strong>Funcionales:<\/strong> Estas cookies permiten funcionalidades no esenciales en nuestro sitio web, como incrustar v\u00eddeos o compartir contenido en las redes sociales.<\/li>\n<li><strong>Preferencias:<\/strong> Estas cookies nos ayudan a almacenar tus ajustes y preferencias de navegaci\u00f3n, como las preferencias de idioma, para mejorar tu experiencia en futuras visitas.<\/li>\n<\/ul>\n<p><strong>Gestionar tus preferencias de cookies<\/strong><\/p>\n<p>Puedes gestionar tus preferencias de cookies haciendo clic en el bot\u00f3n \u00abConfiguraci\u00f3n\u00bb para activar o desactivar las categor\u00edas de cookies seg\u00fan tus preferencias.<\/p>\n<p>Si deseas cambiar tus preferencias m\u00e1s adelante durante tu sesi\u00f3n de navegaci\u00f3n, puedes hacer clic en la pesta\u00f1a \u00abPol\u00edtica de Privacidad y Cookies\u00bb de tu pantalla para que aparezca de nuevo el aviso de consentimiento, permiti\u00e9ndote cambiar tus preferencias o retirar tu consentimiento por completo.<\/p>\n<p>Adem\u00e1s, la mayor\u00eda de los navegadores ofrecen diferentes m\u00e9todos para bloquear y eliminar las cookies utilizadas por los sitios web. Puedes ajustar la configuraci\u00f3n de tu navegador para bloquear\/eliminar las cookies. Para obtener m\u00e1s informaci\u00f3n sobre la gesti\u00f3n y eliminaci\u00f3n de cookies, visita <a href=\"http:\/\/wikipedia.org\">wikipedia.org<\/a> o <a href=\"http:\/\/www.allaboutcookies.org\/\">www.allaboutcookies.org.<\/a>  <\/p>\n<p><strong>Contactar con nosotros<\/strong><\/p>\n<p>Si tienes alguna pregunta sobre esta pol\u00edtica de cookies, ponte en contacto con nosotros en<\/p>\n<ul>\n<li>Correo electr\u00f3nico: <a href=\"mailto:Matt@bensonlawapc.com\">Matt@bensonlawapc.com<\/a><\/li>\n<li>Tel\u00e9fono: 858-451-4653<\/li>\n<li>Direcci\u00f3n: 1245 Island Ave, 2\u00aa planta, San Diego, CA 92101<\/li>\n<\/ul>\n<p><\/p>\t\t\t\t\t\t\t\t<\/div>\n\t\t\t\t<\/div>\n\t\t\t\t\t<\/div>\n\t\t<\/div>\n\t\t\t\t\t<\/div>\n\t\t<\/section>\n\t\t\t\t<\/div>\n\t\t","protected":false},"excerpt":{"rendered":"<p>Pol\u00edtica de cookies Pol\u00edtica de cookies de Benson Law Fecha de entrada en vigor: 13 de marzo de 2024 En Benson Law , accesible desde goldfadenbenson.com y goldfadenbenson.com, una de nuestras principales prioridades es la privacidad de nuestros visitantes. Esta Pol\u00edtica de Cookies describe los tipos de cookies que utilizamos, por qu\u00e9 las utilizamos y [&hellip;]<\/p>\n","protected":false},"author":1,"featured_media":0,"parent":0,"menu_order":0,"comment_status":"closed","ping_status":"closed","template":"elementor_theme","meta":{"footnotes":""},"class_list":["post-7281","page","type-page","status-publish","hentry"],"_wp_attached_file":null,"_wp_attachment_metadata":null,"_elementor_source_image_hash":null,"_wp_attachment_image_alt":null,"image_optimizer_metadata":null,"_wp_attachment_backup_sizes":null,"_wp_attachment_context":null,"_oembed_7453c84159536d3484d7edd9b8077844":null,"_oembed_ab4f738cf1affc50108b3aae09056f32":null,"_elementor_is_screenshot":null,"_elementor_template_sub_type":null,"_elementor_screenshot_failed":null,"_elementor_screenshot":null,"_elementor_popup_display_settings":"","_elementor_source":null,"_menu_item_type":null,"_menu_item_menu_item_parent":null,"_menu_item_object_id":null,"_menu_item_object":null,"_menu_item_target":null,"_menu_item_classes":null,"_menu_item_xfn":null,"_menu_item_url":null,"elementskit_menuitem_settings":null,"nxt-hooks-layout":null,"nxt-hooks-layout-sections":null,"nxt-hooks-layout-pages":null,"nxt-hooks-layout-code-snippet":null,"nxt-normal-sticky-header":null,"nxt-hooks-footer-style":null,"nxt-hooks-footer-smart-bgcolor":null,"nxt-display-hooks-action":null,"nxt-code-snippet-secure-executed":null,"nxt-code-execute":null,"nxt-code-hooks-action":null,"nxt-code-php-hidden-execute":null,"nxt-singular-group":null,"nxt-singular-preview-type":null,"nxt-singular-preview-id":null,"nxt-archive-group":null,"nxt-archive-preview-type":null,"nxt-archive-preview-id":null,"lawyer_landing_page_sidebar_layout":null,"_oembed_ee28fa411307f7dcbd44029ea0833386":null,"rank_math_contentai_score":null,"rank_math_title":null,"rank_math_description":null,"_monsterinsights_skip_tracking":null,"_monsterinsights_sitenote_active":null,"_customize_changeset_uuid":null,"rank_math_robots":null,"_oembed_87b947de7716efd8672902a3875e0696":null,"_oembed_time_87b947de7716efd8672902a3875e0696":null,"_oembed_a8f103c0f37a3a1775c3417eaeff4bcf":null,"ppwp_post_password_bk":null,"_uf_disable_surveys":null,"om_disable_all_campaigns":null,"rank_math_primary_category":null,"_raratheme_view_count":null,"_wp_trash_meta_comments_status":null,"_is_githuber_markdown_enabled":null,"wpforms_form_locations":null,"_elementor_import_session_id":null,"_edit_lock":null,"_wp_trash_meta_status":null,"_wp_trash_meta_time":null,"_elementor_edit_mode":"builder","_elementor_template_type":"wp-page","_elementor_conditions":null,"_elementor_version":"3.27.7","_elementor_pro_version":null,"ekit_post_views_count":null,"_wp_page_template":"elementor_theme","_elementor_data":"[{\"id\":\"2616b1\",\"elType\":\"section\",\"settings\":{\"content_width\":{\"unit\":\"px\",\"size\":\"1200\",\"sizes\":[]},\"height\":\"min-height\",\"custom_height\":{\"unit\":\"px\",\"size\":\"250\",\"sizes\":[]},\"background_background\":\"classic\",\"background_color\":\"#211f40\",\"_title\":\"Hero\",\"custom_height_mobile\":{\"unit\":\"px\",\"size\":118,\"sizes\":[]},\"stretch_section\":\"section-stretched\",\"margin\":{\"unit\":\"px\",\"top\":\"50\",\"right\":0,\"bottom\":\"0\",\"left\":0,\"isLinked\":false},\"margin_mobile\":{\"unit\":\"px\",\"top\":\"25\",\"right\":0,\"bottom\":\"25\",\"left\":0,\"isLinked\":false},\"padding_mobile\":{\"unit\":\"px\",\"top\":\"0\",\"right\":\"0\",\"bottom\":\"0\",\"left\":\"0\",\"isLinked\":true}},\"elements\":[{\"id\":\"1f4c8b\",\"elType\":\"column\",\"settings\":{\"_column_size\":\"100\",\"space_between_widgets\":\"10\"},\"elements\":[{\"id\":\"6a27f903\",\"elType\":\"widget\",\"settings\":{\"title\":\"Pol\\u00edtica de cookies\",\"align\":\"center\",\"title_color\":\"#ffffff\",\"typography_typography\":\"custom\",\"typography_font_family\":\"Merriweather\",\"typography_font_size\":{\"unit\":\"px\",\"size\":\"55\",\"sizes\":[]},\"typography_font_weight\":\"300\",\"typography_text_transform\":\"capitalize\",\"typography_font_size_tablet\":{\"unit\":\"px\",\"size\":\"50\",\"sizes\":[]},\"typography_font_size_mobile\":{\"unit\":\"px\",\"size\":\"40\",\"sizes\":[]},\"header_size\":\"h1\"},\"elements\":[],\"widgetType\":\"heading\"}],\"isInner\":\"\"}],\"isInner\":\"\"},{\"id\":\"41309b5\",\"elType\":\"section\",\"settings\":{\"padding_mobile\":{\"unit\":\"px\",\"top\":\"0\",\"right\":\"0\",\"bottom\":\"0\",\"left\":\"0\",\"isLinked\":true}},\"elements\":[{\"id\":\"815cd92\",\"elType\":\"column\",\"settings\":{\"_column_size\":100,\"_inline_size\":null},\"elements\":[{\"id\":\"0b4607d\",\"elType\":\"widget\",\"settings\":{\"editor\":\"<p><strong>Pol\\u00edtica de cookies de Benson Law <\\\/strong><\\\/p>\\n<p>Fecha de entrada en vigor: 13 de marzo de 2024<\\\/p>\\n<p>En Benson Law , accesible desde <a href=\\\"https:\\\/\\\/bensonlawapc.com\\\/es\\\/\\\">goldfadenbenson.com<\\\/a> y goldfadenbenson.com, una de nuestras principales prioridades es la privacidad de nuestros visitantes. Esta Pol\\u00edtica de Cookies describe los tipos de cookies que utilizamos, por qu\\u00e9 las utilizamos y c\\u00f3mo puedes gestionar tus preferencias de cookies en nuestro sitio web. <\\\/p>\\n<p><strong>\\u00bfQu\\u00e9 son las cookies?<\\\/strong><\\\/p>\\n<p>Las cookies son peque\\u00f1os archivos de texto que los sitios web colocan en tu dispositivo mientras navegas. Se utilizan ampliamente para hacer que los sitios web funcionen, o funcionen de forma m\\u00e1s eficiente, as\\u00ed como para proporcionar informaci\\u00f3n a los propietarios del sitio. Las cookies ayudan al funcionamiento del sitio web, mejoran la seguridad, proporcionan mejores experiencias al usuario y recopilan datos sobre el rendimiento del sitio y posibles mejoras.  <\\\/p>\\n<p><strong>\\u00bfC\\u00f3mo utilizamos las cookies?<\\\/strong><\\\/p>\\n<p>Nuestro sitio web utiliza cookies propias y de terceros por varias razones. Las cookies de origen son esenciales para que el sitio web funcione correctamente y no recogen ninguna informaci\\u00f3n personal identificable. Las cookies de terceros se utilizan para analizar el rendimiento del sitio web, las interacciones de los visitantes, asegurar los servicios, ofrecer anuncios relevantes y mejorar tu experiencia de usuario.  <\\\/p>\\n<p><strong>Tipos de cookies que utilizamos<\\\/strong><\\\/p>\\n<ul>\\n<li><strong>Esenciales:<\\\/strong> Estas cookies son necesarias para que el sitio web funcione y no se pueden desactivar en nuestros sistemas. No almacenan ning\\u00fan dato personal. <\\\/li>\\n<li><strong>Estad\\u00edsticas:<\\\/strong> Estas cookies almacenan informaci\\u00f3n como el n\\u00famero de visitantes del sitio web, visitantes \\u00fanicos, qu\\u00e9 p\\u00e1ginas del sitio web se visitaron, la fuente de la visita, etc. Estos datos nos ayudan a comprender y analizar el rendimiento del sitio web y d\\u00f3nde se necesitan mejoras. <\\\/li>\\n<li><strong>Marketing:<\\\/strong> Estas cookies se utilizan para personalizar los anuncios que te mostramos para que sean significativos para ti. Tambi\\u00e9n nos ayudan a realizar un seguimiento de la eficacia de estas campa\\u00f1as publicitarias. <\\\/li>\\n<li><strong>Funcionales:<\\\/strong> Estas cookies permiten funcionalidades no esenciales en nuestro sitio web, como incrustar v\\u00eddeos o compartir contenido en las redes sociales.<\\\/li>\\n<li><strong>Preferencias:<\\\/strong> Estas cookies nos ayudan a almacenar tus ajustes y preferencias de navegaci\\u00f3n, como las preferencias de idioma, para mejorar tu experiencia en futuras visitas.<\\\/li>\\n<\\\/ul>\\n<p><strong>Gestionar tus preferencias de cookies<\\\/strong><\\\/p>\\n<p>Puedes gestionar tus preferencias de cookies haciendo clic en el bot\\u00f3n \\\"Configuraci\\u00f3n\\\" para activar o desactivar las categor\\u00edas de cookies seg\\u00fan tus preferencias.<\\\/p>\\n<p>Si deseas cambiar tus preferencias m\\u00e1s adelante durante tu sesi\\u00f3n de navegaci\\u00f3n, puedes hacer clic en la pesta\\u00f1a \\\"Pol\\u00edtica de Privacidad y Cookies\\\" de tu pantalla para que aparezca de nuevo el aviso de consentimiento, permiti\\u00e9ndote cambiar tus preferencias o retirar tu consentimiento por completo.<\\\/p>\\n<p>Adem\\u00e1s, la mayor\\u00eda de los navegadores ofrecen diferentes m\\u00e9todos para bloquear y eliminar las cookies utilizadas por los sitios web. Puedes ajustar la configuraci\\u00f3n de tu navegador para bloquear\\\/eliminar las cookies. Para obtener m\\u00e1s informaci\\u00f3n sobre la gesti\\u00f3n y eliminaci\\u00f3n de cookies, visita <a href=\\\"http:\\\/\\\/wikipedia.org\\\">wikipedia.org<\\\/a> o <a href=\\\"http:\\\/\\\/www.allaboutcookies.org\\\/\\\">www.allaboutcookies.org.<\\\/a>  <\\\/p>\\n<p><strong>Contactar con nosotros<\\\/strong><\\\/p>\\n<p>Si tienes alguna pregunta sobre esta pol\\u00edtica de cookies, ponte en contacto con nosotros en<\\\/p>\\n<ul>\\n<li>Correo electr\\u00f3nico: <a href=\\\"mailto:Matt@bensonlawapc.com\\\">Matt@bensonlawapc.com<\\\/a><\\\/li>\\n<li>Tel\\u00e9fono: 858-451-4653<\\\/li>\\n<li>Direcci\\u00f3n: 1245 Island Ave, 2\\u00aa planta, San Diego, CA 92101<\\\/li>\\n<\\\/ul>\\n<p><\\\/p>\",\"_padding_mobile\":{\"unit\":\"px\",\"top\":\"15\",\"right\":\"15\",\"bottom\":\"15\",\"left\":\"15\",\"isLinked\":true}},\"elements\":[],\"widgetType\":\"text-editor\"}],\"isInner\":false}],\"isInner\":false}]","_elementor_page_assets":{"styles":["widget-heading"],"scripts":["elementor-frontend"]},"_elementor_css":{"time":1776432593,"fonts":["Merriweather"],"icons":[],"dynamic_elements_ids":[],"status":"file","0":""},"rank_math_og_content_image":null,"_elementor_page_settings":{"background_background":"classic","__globals__":{"background_color":"globals\/colors?id=e072c38"}},"_block_css":null,"theplus_transient_widgets":null,"_elementor_controls_usage":{"heading":{"count":1,"control_percent":3,"controls":{"content":{"section_title":{"title":1,"header_size":1}},"style":{"section_title_style":{"align":1,"title_color":1,"typography_typography":1,"typography_font_family":1,"typography_font_size":1,"typography_font_weight":1,"typography_text_transform":1}}}},"column":{"count":2,"control_percent":0,"controls":{"layout":{"layout":{"space_between_widgets":1,"_inline_size":1}}}},"section":{"count":2,"control_percent":0,"controls":{"layout":{"section_layout":{"content_width":1,"height":1,"custom_height":1,"_title":1,"stretch_section":1}},"style":{"section_background":{"background_background":1,"background_color":1}},"advanced":{"section_advanced":{"margin":1}}}},"text-editor":{"count":1,"control_percent":0,"controls":{"content":{"section_editor":{"editor":1}}}}},"_edit_last":null,"_wp_desired_post_slug":null,"rank_math_internal_links_processed":"1","rank_math_analytic_object_id":null,"rank_math_seo_score":null,"_wp_old_date":null,"rank_math_focus_keyword":null,"footnotes":null,"nxt-post-page-sidebar":null,"nxt-post-page-display-sidebar":null,"nxt-post-page-custom-sidebar":null,"_thumbnail_id":null,"_githuber_prismjs":null,"_githuber_highlightjs":null,"_is_githuber_sequence":null,"_is_githuber_flow_chart":null,"_is_githuber_mermaid":null,"_is_githuber_katex":null,"_is_githuber_mathjax":null,"_is_githuber_markdown":null,"yoast_head":"<!-- This site is optimized with the Yoast SEO plugin v25.6 - https:\/\/yoast.com\/wordpress\/plugins\/seo\/ -->\n<title>Pol\u00edtica de cookies - Benson Law<\/title>\n<meta name=\"robots\" content=\"index, follow, max-snippet:-1, max-image-preview:large, max-video-preview:-1\" \/>\n<link rel=\"canonical\" href=\"https:\/\/bensonlawapc.com\/elementor-826\/\" \/>\n<meta property=\"og:locale\" content=\"es_ES\" \/>\n<meta property=\"og:type\" content=\"article\" \/>\n<meta property=\"og:title\" content=\"Pol\u00edtica de cookies - Benson Law\" \/>\n<meta property=\"og:description\" content=\"Pol\u00edtica de cookies Pol\u00edtica de cookies de Benson Law Fecha de entrada en vigor: 13 de marzo de 2024 En Benson Law , accesible desde goldfadenbenson.com y goldfadenbenson.com, una de nuestras principales prioridades es la privacidad de nuestros visitantes. Esta Pol\u00edtica de Cookies describe los tipos de cookies que utilizamos, por qu\u00e9 las utilizamos y [&hellip;]\" \/>\n<meta property=\"og:url\" content=\"https:\/\/bensonlawapc.com\/elementor-826\/\" \/>\n<meta property=\"og:site_name\" content=\"Benson Law\" \/>\n<meta property=\"article:modified_time\" content=\"2025-03-19T23:07:41+00:00\" \/>\n<meta name=\"twitter:card\" content=\"summary_large_image\" \/>\n<meta name=\"twitter:label1\" content=\"Est. reading time\" \/>\n\t<meta name=\"twitter:data1\" content=\"3 minutos\" \/>\n<script type=\"application\/ld+json\" class=\"yoast-schema-graph\">{\"@context\":\"https:\/\/schema.org\",\"@graph\":[{\"@type\":\"WebPage\",\"@id\":\"https:\/\/bensonlawapc.com\/elementor-826\/\",\"url\":\"https:\/\/bensonlawapc.com\/elementor-826\/\",\"name\":\"Pol\u00edtica de cookies - Benson Law\",\"isPartOf\":{\"@id\":\"https:\/\/bensonlawapc.com\/#website\"},\"datePublished\":\"2024-03-14T02:51:06+00:00\",\"dateModified\":\"2025-03-19T23:07:41+00:00\",\"breadcrumb\":{\"@id\":\"https:\/\/bensonlawapc.com\/elementor-826\/#breadcrumb\"},\"inLanguage\":\"es\",\"potentialAction\":[{\"@type\":\"ReadAction\",\"target\":[\"https:\/\/bensonlawapc.com\/elementor-826\/\"]}]},{\"@type\":\"BreadcrumbList\",\"@id\":\"https:\/\/bensonlawapc.com\/elementor-826\/#breadcrumb\",\"itemListElement\":[{\"@type\":\"ListItem\",\"position\":1,\"name\":\"Home\",\"item\":\"https:\/\/bensonlawapc.com\/\"},{\"@type\":\"ListItem\",\"position\":2,\"name\":\"Pol\u00edtica de cookies\"}]},{\"@type\":\"WebSite\",\"@id\":\"https:\/\/bensonlawapc.com\/#website\",\"url\":\"https:\/\/bensonlawapc.com\/\",\"name\":\"Benson Law\",\"description\":\"Personal Injury and Consumer Law Attorneys\",\"potentialAction\":[{\"@type\":\"SearchAction\",\"target\":{\"@type\":\"EntryPoint\",\"urlTemplate\":\"https:\/\/bensonlawapc.com\/?s={search_term_string}\"},\"query-input\":{\"@type\":\"PropertyValueSpecification\",\"valueRequired\":true,\"valueName\":\"search_term_string\"}}],\"inLanguage\":\"es\"}]}<\/script>\n<!-- \/ Yoast SEO plugin. -->","yoast_head_json":{"title":"Pol\u00edtica de cookies - Benson Law","robots":{"index":"index","follow":"follow","max-snippet":"max-snippet:-1","max-image-preview":"max-image-preview:large","max-video-preview":"max-video-preview:-1"},"canonical":"https:\/\/bensonlawapc.com\/elementor-826\/","og_locale":"es_ES","og_type":"article","og_title":"Pol\u00edtica de cookies - Benson Law","og_description":"Pol\u00edtica de cookies Pol\u00edtica de cookies de Benson Law Fecha de entrada en vigor: 13 de marzo de 2024 En Benson Law , accesible desde goldfadenbenson.com y goldfadenbenson.com, una de nuestras principales prioridades es la privacidad de nuestros visitantes. Esta Pol\u00edtica de Cookies describe los tipos de cookies que utilizamos, por qu\u00e9 las utilizamos y [&hellip;]","og_url":"https:\/\/bensonlawapc.com\/elementor-826\/","og_site_name":"Benson Law","article_modified_time":"2025-03-19T23:07:41+00:00","twitter_card":"summary_large_image","twitter_misc":{"Est. reading time":"3 minutos"},"schema":{"@context":"https:\/\/schema.org","@graph":[{"@type":"WebPage","@id":"https:\/\/bensonlawapc.com\/elementor-826\/","url":"https:\/\/bensonlawapc.com\/elementor-826\/","name":"Pol\u00edtica de cookies - Benson Law","isPartOf":{"@id":"https:\/\/bensonlawapc.com\/#website"},"datePublished":"2024-03-14T02:51:06+00:00","dateModified":"2025-03-19T23:07:41+00:00","breadcrumb":{"@id":"https:\/\/bensonlawapc.com\/elementor-826\/#breadcrumb"},"inLanguage":"es","potentialAction":[{"@type":"ReadAction","target":["https:\/\/bensonlawapc.com\/elementor-826\/"]}]},{"@type":"BreadcrumbList","@id":"https:\/\/bensonlawapc.com\/elementor-826\/#breadcrumb","itemListElement":[{"@type":"ListItem","position":1,"name":"Home","item":"https:\/\/bensonlawapc.com\/"},{"@type":"ListItem","position":2,"name":"Pol\u00edtica de cookies"}]},{"@type":"WebSite","@id":"https:\/\/bensonlawapc.com\/#website","url":"https:\/\/bensonlawapc.com\/","name":"Benson Law","description":"Personal Injury and Consumer Law Attorneys","potentialAction":[{"@type":"SearchAction","target":{"@type":"EntryPoint","urlTemplate":"https:\/\/bensonlawapc.com\/?s={search_term_string}"},"query-input":{"@type":"PropertyValueSpecification","valueRequired":true,"valueName":"search_term_string"}}],"inLanguage":"es"}]}},"_links":{"self":[{"href":"https:\/\/bensonlawapc.com\/es\/wp-json\/wp\/v2\/pages\/7281","targetHints":{"allow":["GET"]}}],"collection":[{"href":"https:\/\/bensonlawapc.com\/es\/wp-json\/wp\/v2\/pages"}],"about":[{"href":"https:\/\/bensonlawapc.com\/es\/wp-json\/wp\/v2\/types\/page"}],"author":[{"embeddable":true,"href":"https:\/\/bensonlawapc.com\/es\/wp-json\/wp\/v2\/users\/1"}],"replies":[{"embeddable":true,"href":"https:\/\/bensonlawapc.com\/es\/wp-json\/wp\/v2\/comments?post=7281"}],"version-history":[{"count":0,"href":"https:\/\/bensonlawapc.com\/es\/wp-json\/wp\/v2\/pages\/7281\/revisions"}],"wp:attachment":[{"href":"https:\/\/bensonlawapc.com\/es\/wp-json\/wp\/v2\/media?parent=7281"}],"curies":[{"name":"wp","href":"https:\/\/api.w.org\/{rel}","templated":true}]}}