{"id":7287,"date":"2024-03-14T14:58:19","date_gmt":"2024-03-14T21:58:19","guid":{"rendered":"https:\/\/bensonlawapc.com\/politica-de-privacidad\/"},"modified":"2025-03-19T16:07:41","modified_gmt":"2025-03-19T23:07:41","slug":"politica-de-privacidad","status":"publish","type":"page","link":"https:\/\/bensonlawapc.com\/es\/politica-de-privacidad\/","title":{"rendered":"Pol\u00edtica de privacidad"},"content":{"rendered":"\t\t<div data-elementor-type=\"wp-page\" data-elementor-id=\"7287\" class=\"elementor elementor-7287 elementor-847\" data-elementor-post-type=\"page\">\n\t\t\t\t\t\t<section class=\"elementor-section elementor-top-section elementor-element elementor-element-41309b5 elementor-section-boxed elementor-section-height-default elementor-section-height-default\" data-id=\"41309b5\" data-element_type=\"section\" data-e-type=\"section\">\n\t\t\t\t\t\t<div class=\"elementor-container elementor-column-gap-default\">\n\t\t\t\t\t<div class=\"elementor-column elementor-col-100 elementor-top-column elementor-element elementor-element-815cd92\" data-id=\"815cd92\" data-element_type=\"column\" data-e-type=\"column\">\n\t\t\t<div class=\"elementor-widget-wrap elementor-element-populated\">\n\t\t\t\t\t\t<div class=\"elementor-element elementor-element-998644e elementor-widget elementor-widget-heading\" data-id=\"998644e\" data-element_type=\"widget\" data-e-type=\"widget\" data-widget_type=\"heading.default\">\n\t\t\t\t<div class=\"elementor-widget-container\">\n\t\t\t\t\t<h2 class=\"elementor-heading-title elementor-size-default\">Pol\u00edtica de privacidad<\/h2>\t\t\t\t<\/div>\n\t\t\t\t<\/div>\n\t\t\t\t<div class=\"elementor-element elementor-element-0b4607d elementor-widget elementor-widget-text-editor\" data-id=\"0b4607d\" data-element_type=\"widget\" data-e-type=\"widget\" data-widget_type=\"text-editor.default\">\n\t\t\t\t<div class=\"elementor-widget-container\">\n\t\t\t\t\t\t\t\t\t<hr><p><strong>Pol\u00edtica de privacidad de Benson Law <\/strong><\/p><p>Fecha de entrada en vigor: 14 de marzo de 2024<\/p><p>Bienvenido a <a href=\"https:\/\/bensonlawapc.com\/es\/\">goldfadenbenson.com<\/a> (el \u00abSitio\u00bb), gestionado por Benson Law  (\u00abnosotros\u00bb, \u00abnos\u00bb o \u00abnuestro\u00bb). Nos comprometemos a proteger la privacidad de los visitantes y clientes de nuestro sitio web. Esta Pol\u00edtica de Privacidad describe los tipos de informaci\u00f3n que podemos recopilar de ti o que puedes proporcionarnos cuando visitas nuestro Sitio y nuestras pr\u00e1cticas para recopilar, utilizar, mantener, proteger y divulgar dicha informaci\u00f3n.  <\/p><p><strong>Recogida y uso de la informaci\u00f3n<\/strong><\/p><p>Recogemos varios tipos de informaci\u00f3n de y sobre los usuarios de nuestro Sitio, incluida la informaci\u00f3n:<\/p><ul><li><strong>Informaci\u00f3n de Identificaci\u00f3n Personal (IIP)<\/strong>: Esto puede incluir, pero no est\u00e1 limitado a, tu nombre, direcci\u00f3n de correo electr\u00f3nico, direcci\u00f3n postal, n\u00famero de tel\u00e9fono y cualquier otro detalle que proporciones voluntariamente a trav\u00e9s de formularios en el Sitio.<\/li><li><strong>Informaci\u00f3n no identificable personalmente<\/strong>: Podemos recopilar informaci\u00f3n de identificaci\u00f3n no personal sobre ti siempre que interact\u00faes con nuestro Sitio. Esta informaci\u00f3n puede incluir el nombre del navegador, el tipo de ordenador e informaci\u00f3n t\u00e9cnica sobre tu medio de conexi\u00f3n a nuestro Sitio, como el sistema operativo y los proveedores de servicios de Internet utilizados. <\/li><\/ul><p><strong>Uso de la informaci\u00f3n recogida<\/strong><\/p><p>La informaci\u00f3n que recogemos se utiliza de las siguientes maneras:<\/p><ul><li>Para personalizar tu experiencia en nuestro Sitio.<\/li><li>Para mejorar nuestro Sitio y nuestros servicios.<\/li><li>Para comunicarnos contigo sobre servicios, promociones y actualizaciones relacionadas con nuestro Sitio.<\/li><li>Para proteger nuestro Sitio y a nuestros clientes de accesos no autorizados o posibles violaciones de la seguridad.<\/li><\/ul><p><strong>Compartir tu informaci\u00f3n<\/strong><\/p><p>No vendemos, comercializamos ni alquilamos a terceros la informaci\u00f3n de identificaci\u00f3n personal de los usuarios. Podemos compartir informaci\u00f3n demogr\u00e1fica agregada gen\u00e9rica no vinculada a ninguna informaci\u00f3n de identificaci\u00f3n personal relativa a los visitantes y usuarios con nuestros socios comerciales, afiliados de confianza y anunciantes para los fines indicados anteriormente. No compartimos ni vendemos SMS opt-in, ni n\u00fameros de tel\u00e9fono a efectos de SMS.  <\/p><p><strong>Seguridad de los datos<\/strong><\/p><p>Adoptamos pr\u00e1cticas adecuadas de recopilaci\u00f3n, almacenamiento y procesamiento de datos y medidas de seguridad para proteger contra el acceso no autorizado, la alteraci\u00f3n, divulgaci\u00f3n o destrucci\u00f3n de tu informaci\u00f3n personal, nombre de usuario, contrase\u00f1a, informaci\u00f3n de transacciones y datos almacenados en nuestro Sitio.<\/p><p><strong>Tus derechos<\/strong><\/p><p>Tienes derecho a acceder, modificar y eliminar tu informaci\u00f3n personal almacenada con nosotros. Puedes ejercer estos derechos poni\u00e9ndote en contacto con nosotros utilizando la informaci\u00f3n de contacto que se proporciona a continuaci\u00f3n. <\/p><p><strong>Cambios en esta Pol\u00edtica de Privacidad<\/strong><\/p><p>Podemos actualizar nuestra Pol\u00edtica de Privacidad de vez en cuando. Te notificaremos cualquier cambio publicando la nueva Pol\u00edtica de Privacidad en esta p\u00e1gina. Te aconsejamos que revises peri\u00f3dicamente esta Pol\u00edtica de Privacidad para comprobar si se ha producido alg\u00fan cambio.  <\/p><p><strong>Contactar con nosotros<\/strong><\/p><p>Si tienes alguna pregunta sobre esta Pol\u00edtica de Privacidad, ponte en contacto con nosotros:<\/p><ul><li>Correo electr\u00f3nico: <a href=\"mailto:Matt@bensonlawapc.com\">Matt@bensonlawapc.com<\/a><\/li><li>Tel\u00e9fono: 858-451-4653<\/li><li>Direcci\u00f3n: 1245 Island Ave, 2\u00aa planta, San Diego, CA, 92101<\/li><\/ul><hr>\t\t\t\t\t\t\t\t<\/div>\n\t\t\t\t<\/div>\n\t\t\t\t\t<\/div>\n\t\t<\/div>\n\t\t\t\t\t<\/div>\n\t\t<\/section>\n\t\t\t\t<\/div>\n\t\t","protected":false},"excerpt":{"rendered":"<p>Pol\u00edtica de privacidad Pol\u00edtica de privacidad de Benson Law Fecha de entrada en vigor: 14 de marzo de 2024 Bienvenido a goldfadenbenson.com (el \u00abSitio\u00bb), gestionado por Benson Law (\u00abnosotros\u00bb, \u00abnos\u00bb o \u00abnuestro\u00bb). Nos comprometemos a proteger la privacidad de los visitantes y clientes de nuestro sitio web. Esta Pol\u00edtica de Privacidad describe los tipos de [&hellip;]<\/p>\n","protected":false},"author":1,"featured_media":0,"parent":0,"menu_order":0,"comment_status":"closed","ping_status":"closed","template":"elementor_header_footer","meta":{"footnotes":""},"class_list":["post-7287","page","type-page","status-publish","hentry"],"_wp_attached_file":null,"_wp_attachment_metadata":null,"_elementor_source_image_hash":null,"_wp_attachment_image_alt":null,"image_optimizer_metadata":null,"_wp_attachment_backup_sizes":null,"_wp_attachment_context":null,"_oembed_7453c84159536d3484d7edd9b8077844":null,"_oembed_ab4f738cf1affc50108b3aae09056f32":null,"_elementor_is_screenshot":null,"_elementor_template_sub_type":null,"_elementor_screenshot_failed":null,"_elementor_screenshot":null,"_elementor_popup_display_settings":"","_elementor_source":null,"_menu_item_type":null,"_menu_item_menu_item_parent":null,"_menu_item_object_id":null,"_menu_item_object":null,"_menu_item_target":null,"_menu_item_classes":null,"_menu_item_xfn":null,"_menu_item_url":null,"elementskit_menuitem_settings":null,"nxt-hooks-layout":null,"nxt-hooks-layout-sections":null,"nxt-hooks-layout-pages":null,"nxt-hooks-layout-code-snippet":null,"nxt-normal-sticky-header":null,"nxt-hooks-footer-style":null,"nxt-hooks-footer-smart-bgcolor":null,"nxt-display-hooks-action":null,"nxt-code-snippet-secure-executed":null,"nxt-code-execute":null,"nxt-code-hooks-action":null,"nxt-code-php-hidden-execute":null,"nxt-singular-group":null,"nxt-singular-preview-type":null,"nxt-singular-preview-id":null,"nxt-archive-group":null,"nxt-archive-preview-type":null,"nxt-archive-preview-id":null,"lawyer_landing_page_sidebar_layout":null,"_oembed_ee28fa411307f7dcbd44029ea0833386":null,"rank_math_contentai_score":null,"rank_math_title":null,"rank_math_description":null,"_monsterinsights_skip_tracking":null,"_monsterinsights_sitenote_active":null,"_customize_changeset_uuid":null,"rank_math_robots":null,"_oembed_87b947de7716efd8672902a3875e0696":null,"_oembed_time_87b947de7716efd8672902a3875e0696":null,"_oembed_a8f103c0f37a3a1775c3417eaeff4bcf":null,"ppwp_post_password_bk":null,"_uf_disable_surveys":null,"om_disable_all_campaigns":null,"rank_math_primary_category":null,"_raratheme_view_count":null,"_wp_trash_meta_comments_status":null,"_is_githuber_markdown_enabled":null,"wpforms_form_locations":null,"_elementor_import_session_id":null,"_edit_lock":null,"_wp_trash_meta_status":null,"_wp_trash_meta_time":null,"_elementor_edit_mode":"builder","_elementor_template_type":"wp-page","_elementor_conditions":null,"_elementor_version":"3.27.7","_elementor_pro_version":null,"ekit_post_views_count":null,"_wp_page_template":"elementor_header_footer","_elementor_data":"[{\"id\":\"41309b5\",\"elType\":\"section\",\"settings\":{\"padding_mobile\":{\"unit\":\"px\",\"top\":\"8\",\"right\":\"8\",\"bottom\":\"8\",\"left\":\"8\",\"isLinked\":true},\"padding\":{\"unit\":\"px\",\"top\":\"240\",\"right\":\"0\",\"bottom\":\"100\",\"left\":\"0\",\"isLinked\":false}},\"elements\":[{\"id\":\"815cd92\",\"elType\":\"column\",\"settings\":{\"_column_size\":100,\"_inline_size\":null},\"elements\":[{\"id\":\"998644e\",\"elType\":\"widget\",\"settings\":{\"title\":\"Pol\\u00edtica de privacidad\",\"align\":\"center\",\"typography_typography\":\"custom\",\"typography_font_family\":\"Times New Roman\",\"typography_font_size\":{\"unit\":\"px\",\"size\":36,\"sizes\":[]},\"typography_font_size_tablet\":{\"unit\":\"px\",\"size\":24,\"sizes\":[]},\"typography_font_size_mobile\":{\"unit\":\"px\",\"size\":24,\"sizes\":[]},\"typography_font_weight\":\"700\",\"typography_text_transform\":\"capitalize\",\"typography_font_style\":\"normal\",\"typography_text_decoration\":\"none\",\"typography_line_height\":{\"unit\":\"px\",\"size\":52,\"sizes\":[]},\"typography_line_height_mobile\":{\"unit\":\"em\",\"size\":1.4,\"sizes\":[]},\"typography_letter_spacing\":{\"unit\":\"px\",\"size\":-0.6,\"sizes\":[]},\"typography_letter_spacing_tablet\":{\"unit\":\"px\",\"size\":15,\"sizes\":[]},\"typography_letter_spacing_mobile\":{\"unit\":\"px\",\"size\":2,\"sizes\":[]},\"typography_word_spacing\":{\"unit\":\"px\",\"size\":0,\"sizes\":[]},\"title_color\":\"#1E3444\"},\"elements\":[],\"widgetType\":\"heading\"},{\"id\":\"0b4607d\",\"elType\":\"widget\",\"settings\":{\"editor\":\"<hr><p><strong>Pol\\u00edtica de privacidad de Benson Law <\\\/strong><\\\/p><p>Fecha de entrada en vigor: 14 de marzo de 2024<\\\/p><p>Bienvenido a <a href=\\\"https:\\\/\\\/bensonlawapc.com\\\/es\\\/\\\">goldfadenbenson.com<\\\/a> (el \\\"Sitio\\\"), gestionado por Benson Law  (\\\"nosotros\\\", \\\"nos\\\" o \\\"nuestro\\\"). Nos comprometemos a proteger la privacidad de los visitantes y clientes de nuestro sitio web. Esta Pol\\u00edtica de Privacidad describe los tipos de informaci\\u00f3n que podemos recopilar de ti o que puedes proporcionarnos cuando visitas nuestro Sitio y nuestras pr\\u00e1cticas para recopilar, utilizar, mantener, proteger y divulgar dicha informaci\\u00f3n.  <\\\/p><p><strong>Recogida y uso de la informaci\\u00f3n<\\\/strong><\\\/p><p>Recogemos varios tipos de informaci\\u00f3n de y sobre los usuarios de nuestro Sitio, incluida la informaci\\u00f3n:<\\\/p><ul><li><strong>Informaci\\u00f3n de Identificaci\\u00f3n Personal (IIP)<\\\/strong>: Esto puede incluir, pero no est\\u00e1 limitado a, tu nombre, direcci\\u00f3n de correo electr\\u00f3nico, direcci\\u00f3n postal, n\\u00famero de tel\\u00e9fono y cualquier otro detalle que proporciones voluntariamente a trav\\u00e9s de formularios en el Sitio.<\\\/li><li><strong>Informaci\\u00f3n no identificable personalmente<\\\/strong>: Podemos recopilar informaci\\u00f3n de identificaci\\u00f3n no personal sobre ti siempre que interact\\u00faes con nuestro Sitio. Esta informaci\\u00f3n puede incluir el nombre del navegador, el tipo de ordenador e informaci\\u00f3n t\\u00e9cnica sobre tu medio de conexi\\u00f3n a nuestro Sitio, como el sistema operativo y los proveedores de servicios de Internet utilizados. <\\\/li><\\\/ul><p><strong>Uso de la informaci\\u00f3n recogida<\\\/strong><\\\/p><p>La informaci\\u00f3n que recogemos se utiliza de las siguientes maneras:<\\\/p><ul><li>Para personalizar tu experiencia en nuestro Sitio.<\\\/li><li>Para mejorar nuestro Sitio y nuestros servicios.<\\\/li><li>Para comunicarnos contigo sobre servicios, promociones y actualizaciones relacionadas con nuestro Sitio.<\\\/li><li>Para proteger nuestro Sitio y a nuestros clientes de accesos no autorizados o posibles violaciones de la seguridad.<\\\/li><\\\/ul><p><strong>Compartir tu informaci\\u00f3n<\\\/strong><\\\/p><p>No vendemos, comercializamos ni alquilamos a terceros la informaci\\u00f3n de identificaci\\u00f3n personal de los usuarios. Podemos compartir informaci\\u00f3n demogr\\u00e1fica agregada gen\\u00e9rica no vinculada a ninguna informaci\\u00f3n de identificaci\\u00f3n personal relativa a los visitantes y usuarios con nuestros socios comerciales, afiliados de confianza y anunciantes para los fines indicados anteriormente. No compartimos ni vendemos SMS opt-in, ni n\\u00fameros de tel\\u00e9fono a efectos de SMS.  <\\\/p><p><strong>Seguridad de los datos<\\\/strong><\\\/p><p>Adoptamos pr\\u00e1cticas adecuadas de recopilaci\\u00f3n, almacenamiento y procesamiento de datos y medidas de seguridad para proteger contra el acceso no autorizado, la alteraci\\u00f3n, divulgaci\\u00f3n o destrucci\\u00f3n de tu informaci\\u00f3n personal, nombre de usuario, contrase\\u00f1a, informaci\\u00f3n de transacciones y datos almacenados en nuestro Sitio.<\\\/p><p><strong>Tus derechos<\\\/strong><\\\/p><p>Tienes derecho a acceder, modificar y eliminar tu informaci\\u00f3n personal almacenada con nosotros. Puedes ejercer estos derechos poni\\u00e9ndote en contacto con nosotros utilizando la informaci\\u00f3n de contacto que se proporciona a continuaci\\u00f3n. <\\\/p><p><strong>Cambios en esta Pol\\u00edtica de Privacidad<\\\/strong><\\\/p><p>Podemos actualizar nuestra Pol\\u00edtica de Privacidad de vez en cuando. Te notificaremos cualquier cambio publicando la nueva Pol\\u00edtica de Privacidad en esta p\\u00e1gina. Te aconsejamos que revises peri\\u00f3dicamente esta Pol\\u00edtica de Privacidad para comprobar si se ha producido alg\\u00fan cambio.  <\\\/p><p><strong>Contactar con nosotros<\\\/strong><\\\/p><p>Si tienes alguna pregunta sobre esta Pol\\u00edtica de Privacidad, ponte en contacto con nosotros:<\\\/p><ul><li>Correo electr\\u00f3nico: <a href=\\\"mailto:Matt@bensonlawapc.com\\\">Matt@bensonlawapc.com<\\\/a><\\\/li><li>Tel\\u00e9fono: 858-451-4653<\\\/li><li>Direcci\\u00f3n: 1245 Island Ave, 2\\u00aa planta, San Diego, CA, 92101<\\\/li><\\\/ul><hr>\",\"text_color\":\"#1E3444\"},\"elements\":[],\"widgetType\":\"text-editor\"}],\"isInner\":false}],\"isInner\":false}]","_elementor_page_assets":{"styles":["widget-heading"],"scripts":["elementor-frontend"]},"_elementor_css":{"time":1776309642,"fonts":["Times New Roman"],"icons":[],"dynamic_elements_ids":[],"status":"file","0":""},"rank_math_og_content_image":null,"_elementor_page_settings":{"background_background":"classic","__globals__":{"background_color":"globals\/colors?id=e072c38"}},"_block_css":null,"theplus_transient_widgets":null,"_elementor_controls_usage":{"heading":{"count":1,"control_percent":4,"controls":{"content":{"section_title":{"title":1}},"style":{"section_title_style":{"align":1,"typography_typography":1,"typography_font_family":1,"typography_font_size":1,"typography_font_weight":1,"typography_text_transform":1,"typography_font_style":1,"typography_text_decoration":1,"typography_line_height":1,"typography_letter_spacing":1,"typography_word_spacing":1,"title_color":1}}}},"text-editor":{"count":1,"control_percent":1,"controls":{"content":{"section_editor":{"editor":1}},"style":{"section_style":{"text_color":1}}}},"column":{"count":1,"control_percent":0,"controls":{"layout":{"layout":{"_inline_size":1}}}},"section":{"count":1,"control_percent":0,"controls":{"advanced":{"section_advanced":{"padding":1}}}}},"_edit_last":null,"_wp_desired_post_slug":null,"rank_math_internal_links_processed":"1","rank_math_analytic_object_id":null,"rank_math_seo_score":null,"_wp_old_date":null,"rank_math_focus_keyword":null,"footnotes":null,"nxt-post-page-sidebar":null,"nxt-post-page-display-sidebar":null,"nxt-post-page-custom-sidebar":null,"_thumbnail_id":null,"_githuber_prismjs":null,"_githuber_highlightjs":null,"_is_githuber_sequence":null,"_is_githuber_flow_chart":null,"_is_githuber_mermaid":null,"_is_githuber_katex":null,"_is_githuber_mathjax":null,"_is_githuber_markdown":null,"yoast_head":"<!-- This site is optimized with the Yoast SEO plugin v25.6 - https:\/\/yoast.com\/wordpress\/plugins\/seo\/ -->\n<title>Pol\u00edtica de privacidad - Benson Law<\/title>\n<meta name=\"robots\" content=\"index, follow, max-snippet:-1, max-image-preview:large, max-video-preview:-1\" \/>\n<link rel=\"canonical\" href=\"https:\/\/bensonlawapc.com\/privacy-policy-2\/\" \/>\n<meta property=\"og:locale\" content=\"es_ES\" \/>\n<meta property=\"og:type\" content=\"article\" \/>\n<meta property=\"og:title\" content=\"Pol\u00edtica de privacidad - Benson Law\" \/>\n<meta property=\"og:description\" content=\"Pol\u00edtica de privacidad Pol\u00edtica de privacidad de Benson Law Fecha de entrada en vigor: 14 de marzo de 2024 Bienvenido a goldfadenbenson.com (el &quot;Sitio&quot;), gestionado por Benson Law (&quot;nosotros&quot;, &quot;nos&quot; o &quot;nuestro&quot;). Nos comprometemos a proteger la privacidad de los visitantes y clientes de nuestro sitio web. Esta Pol\u00edtica de Privacidad describe los tipos de [&hellip;]\" \/>\n<meta property=\"og:url\" content=\"https:\/\/bensonlawapc.com\/privacy-policy-2\/\" \/>\n<meta property=\"og:site_name\" content=\"Benson Law\" \/>\n<meta property=\"article:modified_time\" content=\"2025-03-19T23:07:41+00:00\" \/>\n<meta name=\"twitter:card\" content=\"summary_large_image\" \/>\n<meta name=\"twitter:label1\" content=\"Est. reading time\" \/>\n\t<meta name=\"twitter:data1\" content=\"3 minutos\" \/>\n<script type=\"application\/ld+json\" class=\"yoast-schema-graph\">{\"@context\":\"https:\/\/schema.org\",\"@graph\":[{\"@type\":\"WebPage\",\"@id\":\"https:\/\/bensonlawapc.com\/privacy-policy-2\/\",\"url\":\"https:\/\/bensonlawapc.com\/privacy-policy-2\/\",\"name\":\"Pol\u00edtica de privacidad - Benson Law\",\"isPartOf\":{\"@id\":\"https:\/\/bensonlawapc.com\/#website\"},\"datePublished\":\"2024-03-14T21:58:19+00:00\",\"dateModified\":\"2025-03-19T23:07:41+00:00\",\"breadcrumb\":{\"@id\":\"https:\/\/bensonlawapc.com\/privacy-policy-2\/#breadcrumb\"},\"inLanguage\":\"es\",\"potentialAction\":[{\"@type\":\"ReadAction\",\"target\":[\"https:\/\/bensonlawapc.com\/privacy-policy-2\/\"]}]},{\"@type\":\"BreadcrumbList\",\"@id\":\"https:\/\/bensonlawapc.com\/privacy-policy-2\/#breadcrumb\",\"itemListElement\":[{\"@type\":\"ListItem\",\"position\":1,\"name\":\"Home\",\"item\":\"https:\/\/bensonlawapc.com\/\"},{\"@type\":\"ListItem\",\"position\":2,\"name\":\"Pol\u00edtica de privacidad\"}]},{\"@type\":\"WebSite\",\"@id\":\"https:\/\/bensonlawapc.com\/#website\",\"url\":\"https:\/\/bensonlawapc.com\/\",\"name\":\"Benson Law\",\"description\":\"Personal Injury and Consumer Law Attorneys\",\"potentialAction\":[{\"@type\":\"SearchAction\",\"target\":{\"@type\":\"EntryPoint\",\"urlTemplate\":\"https:\/\/bensonlawapc.com\/?s={search_term_string}\"},\"query-input\":{\"@type\":\"PropertyValueSpecification\",\"valueRequired\":true,\"valueName\":\"search_term_string\"}}],\"inLanguage\":\"es\"}]}<\/script>\n<!-- \/ Yoast SEO plugin. -->","yoast_head_json":{"title":"Pol\u00edtica de privacidad - Benson Law","robots":{"index":"index","follow":"follow","max-snippet":"max-snippet:-1","max-image-preview":"max-image-preview:large","max-video-preview":"max-video-preview:-1"},"canonical":"https:\/\/bensonlawapc.com\/privacy-policy-2\/","og_locale":"es_ES","og_type":"article","og_title":"Pol\u00edtica de privacidad - Benson Law","og_description":"Pol\u00edtica de privacidad Pol\u00edtica de privacidad de Benson Law Fecha de entrada en vigor: 14 de marzo de 2024 Bienvenido a goldfadenbenson.com (el \"Sitio\"), gestionado por Benson Law (\"nosotros\", \"nos\" o \"nuestro\"). Nos comprometemos a proteger la privacidad de los visitantes y clientes de nuestro sitio web. Esta Pol\u00edtica de Privacidad describe los tipos de [&hellip;]","og_url":"https:\/\/bensonlawapc.com\/privacy-policy-2\/","og_site_name":"Benson Law","article_modified_time":"2025-03-19T23:07:41+00:00","twitter_card":"summary_large_image","twitter_misc":{"Est. reading time":"3 minutos"},"schema":{"@context":"https:\/\/schema.org","@graph":[{"@type":"WebPage","@id":"https:\/\/bensonlawapc.com\/privacy-policy-2\/","url":"https:\/\/bensonlawapc.com\/privacy-policy-2\/","name":"Pol\u00edtica de privacidad - Benson Law","isPartOf":{"@id":"https:\/\/bensonlawapc.com\/#website"},"datePublished":"2024-03-14T21:58:19+00:00","dateModified":"2025-03-19T23:07:41+00:00","breadcrumb":{"@id":"https:\/\/bensonlawapc.com\/privacy-policy-2\/#breadcrumb"},"inLanguage":"es","potentialAction":[{"@type":"ReadAction","target":["https:\/\/bensonlawapc.com\/privacy-policy-2\/"]}]},{"@type":"BreadcrumbList","@id":"https:\/\/bensonlawapc.com\/privacy-policy-2\/#breadcrumb","itemListElement":[{"@type":"ListItem","position":1,"name":"Home","item":"https:\/\/bensonlawapc.com\/"},{"@type":"ListItem","position":2,"name":"Pol\u00edtica de privacidad"}]},{"@type":"WebSite","@id":"https:\/\/bensonlawapc.com\/#website","url":"https:\/\/bensonlawapc.com\/","name":"Benson Law","description":"Personal Injury and Consumer Law Attorneys","potentialAction":[{"@type":"SearchAction","target":{"@type":"EntryPoint","urlTemplate":"https:\/\/bensonlawapc.com\/?s={search_term_string}"},"query-input":{"@type":"PropertyValueSpecification","valueRequired":true,"valueName":"search_term_string"}}],"inLanguage":"es"}]}},"_links":{"self":[{"href":"https:\/\/bensonlawapc.com\/es\/wp-json\/wp\/v2\/pages\/7287","targetHints":{"allow":["GET"]}}],"collection":[{"href":"https:\/\/bensonlawapc.com\/es\/wp-json\/wp\/v2\/pages"}],"about":[{"href":"https:\/\/bensonlawapc.com\/es\/wp-json\/wp\/v2\/types\/page"}],"author":[{"embeddable":true,"href":"https:\/\/bensonlawapc.com\/es\/wp-json\/wp\/v2\/users\/1"}],"replies":[{"embeddable":true,"href":"https:\/\/bensonlawapc.com\/es\/wp-json\/wp\/v2\/comments?post=7287"}],"version-history":[{"count":0,"href":"https:\/\/bensonlawapc.com\/es\/wp-json\/wp\/v2\/pages\/7287\/revisions"}],"wp:attachment":[{"href":"https:\/\/bensonlawapc.com\/es\/wp-json\/wp\/v2\/media?parent=7287"}],"curies":[{"name":"wp","href":"https:\/\/api.w.org\/{rel}","templated":true}]}}